{"id":392,"date":"2017-04-27T15:32:31","date_gmt":"2017-04-27T15:32:31","guid":{"rendered":"https:\/\/villadundar.com\/home"},"modified":"2017-07-07T10:41:20","modified_gmt":"2017-07-07T10:41:20","slug":"ana-sayfa","status":"publish","type":"page","link":"https:\/\/villadundar.com\/tr","title":{"rendered":"Ana Sayfa"},"content":{"rendered":"<div class=\"fusion-fullwidth fullwidth-box fusion-builder-row-1 home-title nonhundred-percent-fullwidth non-hundred-percent-height-scrolling\" style=\"--awb-border-radius-top-left:0px;--awb-border-radius-top-right:0px;--awb-border-radius-bottom-right:0px;--awb-border-radius-bottom-left:0px;--awb-flex-wrap:wrap;\" ><div class=\"fusion-builder-row fusion-row\"><div class=\"fusion-layout-column fusion_builder_column fusion-builder-column-0 fusion_builder_column_1_1 1_1 fusion-one-full fusion-column-first fusion-column-last\" style=\"--awb-bg-size:cover;--awb-margin-top:-100px;\"><div class=\"fusion-column-wrapper fusion-flex-column-wrapper-legacy\"><div id=\"homeTitle\">\n<div class=\"homeSol\">\n<h1>Muhte\u015fem deniz manzaral\u0131 ve y\u00fczme havuzlu<br>Ka\u015f'daki tatil konaklama yeriniz<\/h1>\n<\/div>\n<div class=\"homeSag\"><span class=\"homeTermal\">Villa Dundar<\/span><br>\n<span class=\"homeSaglik\">Self-contained<br>\napartments with modern conveniences<\/span><br>\n<span class=\"dundartermal\">KA\u015e \/ T\u00dcRK\u0130YE<\/span><\/div>\n<\/div><div class=\"fusion-clearfix\"><\/div><\/div><\/div><div class=\"fusion-layout-column fusion_builder_column fusion-builder-column-1 fusion_builder_column_1_1 1_1 fusion-one-full fusion-column-first fusion-column-last home-title-bottom-first-content\" style=\"--awb-bg-size:cover;--awb-margin-top:-10px;\"><div class=\"fusion-column-wrapper fusion-flex-column-wrapper-legacy\"><div class=\"fusion-text fusion-text-1\"><p>Villa D\u00fcndar , Antalya&#8217;n\u0131n \u015firin il\u00e7esi Ka\u015f&#8217;\u0131n en b\u00fcy\u00fck plaj\u0131 olan B\u00fcy\u00fck\u00e7ak\u0131l&#8217; a 500 metre, y\u00fcr\u00fcyerek 10 dakikada uzakl\u0131ktad\u0131r.<br \/>\nKa\u015f merkezine araba ile 5 dakika, y\u00fcr\u00fcmeyi tercih edenler i\u00e7in ise manzaral\u0131 bir parkur olan bu mesafe 20 &#8211; 25 dakika uzakl\u0131ktad\u0131r.<br \/>\n\u015eehir g\u00fcr\u00fclt\u00fcs\u00fcnden ka\u00e7\u0131p, sessiz ve sakin bir tatil ge\u00e7irmek isteyenlerin tercih edece\u011fi, her t\u00fcrl\u00fc konfora sahip olan villam\u0131z 3 m\u00fcstakil kattan olu\u015fmaktad\u0131r.<br \/>\nVilla D\u00fcndar istenildi\u011fi ve b\u00fct\u00fcn katlar\u0131n m\u00fcsait oldu\u011fu tarihler aras\u0131nda 14 ki\u015filik gruplara i\u00e7in de olduk\u00e7a idealdir.<br \/>\n\u00dc\u00e7 kat\u0131nda b\u00fct\u00fcn yatak odalar\u0131 klimal\u0131 olup, her katta uydu antenli TV mevcuttur.<br \/>\nBah\u00e7emizde y\u00fczme havuzu, her aile i\u00e7in ayr\u0131 dinlenme ve g\u00fcne\u015flenme mekanlar\u0131 vard\u0131r.<br \/>\nVe yine bah\u00e7emizde yeti\u015ftirdi\u011fimiz organik sebze ve meyveleri, konuklar\u0131m\u0131z afiyetle yiyebilirler.<br \/>\nDo\u011fan\u0131n, denizin, tabiat\u0131n, sessizli\u011fin, ku\u015f c\u0131v\u0131lt\u0131lar\u0131n\u0131n, g\u00fcn bat\u0131m\u0131n\u0131n tad\u0131n\u0131 doya doya \u00e7\u0131karmak isteyenlerin tercih ettikleri villam\u0131z siz say\u0131n konuklar\u0131m\u0131z\u0131n hizmetindedir.<\/p>\n<\/div><div class=\"fusion-sep-clear\"><\/div><div class=\"fusion-separator fusion-full-width-sep\" style=\"margin-left: auto;margin-right: auto;margin-top:15px;margin-bottom:15px;width:100%;\"><\/div><div class=\"fusion-sep-clear\"><\/div><div class=\"fusion-clearfix\"><\/div><\/div><\/div><div class=\"fusion-layout-column fusion_builder_column fusion-builder-column-2 fusion_builder_column_1_3 1_3 fusion-one-third fusion-column-first home-title-bottom-first-content\" style=\"--awb-bg-size:cover;--awb-margin-top:-10px;width:33.333333333333%;width:calc(33.333333333333% - ( ( 4% + 4% ) * 0.33333333333333 ) );margin-right: 4%;\"><div class=\"fusion-column-wrapper fusion-flex-column-wrapper-legacy\"><div class=\"fusion-title title fusion-title-1 fusion-title-text fusion-title-size-two mb-title\"><h2 class=\"fusion-title-heading title-heading-left\" style=\"margin:0;\">Ka\u015f Hakk\u0131nda<\/h2><span class=\"awb-title-spacer\"><\/span><div class=\"title-sep-container\"><div class=\"title-sep sep-double sep-solid\" style=\"border-color:#e0dede;\"><\/div><\/div><\/div><div class=\"fusion-image-element in-legacy-container\" style=\"--awb-caption-title-font-family:var(--h2_typography-font-family);--awb-caption-title-font-weight:var(--h2_typography-font-weight);--awb-caption-title-font-style:var(--h2_typography-font-style);--awb-caption-title-size:var(--h2_typography-font-size);--awb-caption-title-transform:var(--h2_typography-text-transform);--awb-caption-title-line-height:var(--h2_typography-line-height);--awb-caption-title-letter-spacing:var(--h2_typography-letter-spacing);\"><span class=\" fusion-imageframe imageframe-none imageframe-1 hover-type-none\"><img decoding=\"async\" width=\"720\" height=\"400\" title=\"kas_villa_with_beach\" src=\"https:\/\/villadundar.com\/wp-content\/uploads\/2017\/05\/kas_villa_with_beach.jpg\" alt class=\"img-responsive wp-image-712\" srcset=\"https:\/\/villadundar.com\/wp-content\/uploads\/2017\/05\/kas_villa_with_beach-200x111.jpg 200w, https:\/\/villadundar.com\/wp-content\/uploads\/2017\/05\/kas_villa_with_beach-400x222.jpg 400w, https:\/\/villadundar.com\/wp-content\/uploads\/2017\/05\/kas_villa_with_beach-600x333.jpg 600w, https:\/\/villadundar.com\/wp-content\/uploads\/2017\/05\/kas_villa_with_beach.jpg 720w\" sizes=\"(max-width: 800px) 100vw, 400px\" \/><\/span><\/div><div class=\"fusion-sep-clear\"><\/div><div class=\"fusion-separator fusion-full-width-sep\" style=\"margin-left: auto;margin-right: auto;margin-top:5px;margin-bottom:5px;width:100%;\"><\/div><div class=\"fusion-sep-clear\"><\/div><div class=\"fusion-text fusion-text-2\"><p>Likya&#8217;n\u0131n \u00f6nemli kentlerinden olan Ka\u015f, il\u00e7eyi \u00e7evreleyen Antik D\u00f6neme ait kentler ve tarihsel de\u011ferlerle doyumsuz k\u00fclt\u00fcr seyahatleri, Akdeniz&#8217;in derinlerde &#8230;<br \/>\n<a href=\"https:\/\/villadundar.com\/tr\/kas-hakkinda\"><strong>Devam\u0131 i\u00e7in t\u0131klay\u0131n.<\/strong><\/a><\/p>\n<\/div><div class=\"fusion-clearfix\"><\/div><\/div><\/div><div class=\"fusion-layout-column fusion_builder_column fusion-builder-column-3 fusion_builder_column_1_3 1_3 fusion-one-third home-title-bottom-first-content\" style=\"--awb-bg-size:cover;--awb-margin-top:-10px;width:33.333333333333%;width:calc(33.333333333333% - ( ( 4% + 4% ) * 0.33333333333333 ) );margin-right: 4%;\"><div class=\"fusion-column-wrapper fusion-flex-column-wrapper-legacy\"><div class=\"fusion-title title fusion-title-2 fusion-title-text fusion-title-size-two mb-title\"><h2 class=\"fusion-title-heading title-heading-left\" style=\"margin:0;\">Neden Villa D\u00fcndar?<\/h2><span class=\"awb-title-spacer\"><\/span><div class=\"title-sep-container\"><div class=\"title-sep sep-double sep-solid\" style=\"border-color:#e0dede;\"><\/div><\/div><\/div><div class=\"fusion-image-element in-legacy-container\" style=\"--awb-caption-title-font-family:var(--h2_typography-font-family);--awb-caption-title-font-weight:var(--h2_typography-font-weight);--awb-caption-title-font-style:var(--h2_typography-font-style);--awb-caption-title-size:var(--h2_typography-font-size);--awb-caption-title-transform:var(--h2_typography-text-transform);--awb-caption-title-line-height:var(--h2_typography-line-height);--awb-caption-title-letter-spacing:var(--h2_typography-letter-spacing);\"><span class=\" fusion-imageframe imageframe-none imageframe-2 hover-type-none\"><img decoding=\"async\" width=\"720\" height=\"400\" title=\"villa_dundar_kas_apartments_rental\" src=\"https:\/\/villadundar.com\/wp-content\/uploads\/2017\/05\/villa_dundar_kas_apartments_rental-1.jpg\" alt class=\"img-responsive wp-image-711\" srcset=\"https:\/\/villadundar.com\/wp-content\/uploads\/2017\/05\/villa_dundar_kas_apartments_rental-1-200x111.jpg 200w, https:\/\/villadundar.com\/wp-content\/uploads\/2017\/05\/villa_dundar_kas_apartments_rental-1-400x222.jpg 400w, https:\/\/villadundar.com\/wp-content\/uploads\/2017\/05\/villa_dundar_kas_apartments_rental-1-600x333.jpg 600w, https:\/\/villadundar.com\/wp-content\/uploads\/2017\/05\/villa_dundar_kas_apartments_rental-1.jpg 720w\" sizes=\"(max-width: 800px) 100vw, 400px\" \/><\/span><\/div><div class=\"fusion-sep-clear\"><\/div><div class=\"fusion-separator fusion-full-width-sep\" style=\"margin-left: auto;margin-right: auto;margin-top:5px;margin-bottom:5px;width:100%;\"><\/div><div class=\"fusion-sep-clear\"><\/div><div class=\"fusion-text fusion-text-3\"><p>K\u0131sa s\u00fcreli villa kiralama (minimum 1 haftal\u0131k ) yurtd\u0131\u015f\u0131ndan gelen misafirlerimiz taraf\u0131ndan y\u0131llard\u0131r uygulanan bir tatil sistemidir ve T\u00fcrkiye&#8217;de de son y\u0131llarda tercih edilmeye ba\u015flanm\u0131\u015ft\u0131r.<br \/>\n<a href=\"https:\/\/villadundar.com\/tr\/neden-villa-dundar\"><strong>Devam\u0131 i\u00e7in t\u0131klay\u0131n\u0131z.<\/strong><\/a><\/p>\n<\/div><div class=\"fusion-clearfix\"><\/div><\/div><\/div><div class=\"fusion-layout-column fusion_builder_column fusion-builder-column-4 fusion_builder_column_1_3 1_3 fusion-one-third fusion-column-last home-title-bottom-first-content\" style=\"--awb-bg-size:cover;--awb-margin-top:-10px;width:33.333333333333%;width:calc(33.333333333333% - ( ( 4% + 4% ) * 0.33333333333333 ) );\"><div class=\"fusion-column-wrapper fusion-flex-column-wrapper-legacy\"><div class=\"fusion-title title fusion-title-3 fusion-title-text fusion-title-size-two mb-title\"><h2 class=\"fusion-title-heading title-heading-left\" style=\"margin:0;\">Villa Olanaklar\u0131<\/h2><span class=\"awb-title-spacer\"><\/span><div class=\"title-sep-container\"><div class=\"title-sep sep-double sep-solid\" style=\"border-color:#e0dede;\"><\/div><\/div><\/div><ul style=\"--awb-size:15px;--awb-line-height:25.5px;--awb-icon-width:25.5px;--awb-icon-height:25.5px;--awb-icon-margin:10.5px;--awb-content-margin:36px;--awb-circlecolor:#50b000;--awb-circle-yes-font-size:13.2px;\" class=\"fusion-checklist fusion-checklist-1 fusion-checklist-default type-icons\"><li class=\"fusion-li-item\" style=\"\"><span class=\"icon-wrapper circle-yes\"><i class=\"fusion-li-icon fa fa-check\" aria-hidden=\"true\"><\/i><\/span><div class=\"fusion-li-item-content\">\n<p>\u00d6zel y\u00fczme havuzu<\/p>\n<\/div><\/li><li class=\"fusion-li-item\" style=\"\"><span class=\"icon-wrapper circle-yes\"><i class=\"fusion-li-icon fa fa-check\" aria-hidden=\"true\"><\/i><\/span><div class=\"fusion-li-item-content\">\n<p>B\u00fct\u00fcn yatak odalar\u0131nda klima<\/p>\n<\/div><\/li><li class=\"fusion-li-item\" style=\"\"><span class=\"icon-wrapper circle-yes\"><i class=\"fusion-li-icon fa fa-check\" aria-hidden=\"true\"><\/i><\/span><div class=\"fusion-li-item-content\">\n<p>E\u015fsiz Ka\u015f ve Deniz Manzaras\u0131<\/p>\n<\/div><\/li><li class=\"fusion-li-item\" style=\"\"><span class=\"icon-wrapper circle-yes\"><i class=\"fusion-li-icon fa fa-check\" aria-hidden=\"true\"><\/i><\/span><div class=\"fusion-li-item-content\">\n<p>Uydu Antenli TV<\/p>\n<\/div><\/li><li class=\"fusion-li-item\" style=\"\"><span class=\"icon-wrapper circle-yes\"><i class=\"fusion-li-icon fa fa-check\" aria-hidden=\"true\"><\/i><\/span><div class=\"fusion-li-item-content\">\n<p>Kablosuz \u0130nternet<\/p>\n<\/div><\/li><li class=\"fusion-li-item\" style=\"\"><span class=\"icon-wrapper circle-yes\"><i class=\"fusion-li-icon fa fa-check\" aria-hidden=\"true\"><\/i><\/span><div class=\"fusion-li-item-content\">\n<p>Tam donan\u0131ml\u0131 mutfak<\/p>\n<\/div><\/li><li class=\"fusion-li-item\" style=\"\"><span class=\"icon-wrapper circle-yes\"><i class=\"fusion-li-icon fa fa-check\" aria-hidden=\"true\"><\/i><\/span><div class=\"fusion-li-item-content\">\n<p>Ka\u015f merkezine y\u00fcr\u00fcyerek 10 dakika uzakl\u0131kta<\/p>\n<\/div><\/li><\/ul><div class=\"fusion-clearfix\"><\/div><\/div><\/div><\/div><\/div>\n","protected":false},"excerpt":{"rendered":"","protected":false},"author":2,"featured_media":0,"parent":0,"menu_order":0,"comment_status":"closed","ping_status":"open","template":"","meta":{"footnotes":""},"class_list":["post-392","page","type-page","status-publish","hentry"],"yoast_head":"<!-- This site is optimized with the Yoast SEO plugin v25.4 - https:\/\/yoast.com\/wordpress\/plugins\/seo\/ -->\n<title>Villa D\u00fcndar Ka\u015f Apart Otel : Anasayfa, Ka\u015fta muhte\u015fem deniz manzaral\u0131 \u00f6zel y\u00fczme havuzlu konaklama keyfi. Ka\u015f Villa apart otel<\/title>\n<meta name=\"description\" content=\"Villa D\u00fcndar Ka\u015f Apart Otel : Anasayfa, Ka\u015fta muhte\u015fem deniz manzaral\u0131 \u00f6zel y\u00fczme havuzlu konaklama keyfi. Ka\u015f Villa apart otel\" \/>\n<meta name=\"robots\" content=\"index, follow, max-snippet:-1, max-image-preview:large, max-video-preview:-1\" \/>\n<link rel=\"canonical\" href=\"https:\/\/villadundar.com\/tr\" \/>\n<meta property=\"og:locale\" content=\"tr_TR\" \/>\n<meta property=\"og:type\" content=\"article\" \/>\n<meta property=\"og:title\" content=\"Villa D\u00fcndar Ka\u015f Apart Otel : Anasayfa, Ka\u015fta muhte\u015fem deniz manzaral\u0131 \u00f6zel y\u00fczme havuzlu konaklama keyfi. Ka\u015f Villa apart otel\" \/>\n<meta property=\"og:description\" content=\"Villa D\u00fcndar Ka\u015f Apart Otel : Anasayfa, Ka\u015fta muhte\u015fem deniz manzaral\u0131 \u00f6zel y\u00fczme havuzlu konaklama keyfi. Ka\u015f Villa apart otel\" \/>\n<meta property=\"og:url\" content=\"https:\/\/villadundar.com\/tr\" \/>\n<meta property=\"og:site_name\" content=\"Villa Dundar\" \/>\n<meta property=\"article:modified_time\" content=\"2017-07-07T10:41:20+00:00\" \/>\n<meta name=\"twitter:card\" content=\"summary_large_image\" \/>\n<meta name=\"twitter:label1\" content=\"Tahmini okuma s\u00fcresi\" \/>\n\t<meta name=\"twitter:data1\" content=\"6 dakika\" \/>\n<script type=\"application\/ld+json\" class=\"yoast-schema-graph\">{\"@context\":\"https:\/\/schema.org\",\"@graph\":[{\"@type\":\"WebPage\",\"@id\":\"https:\/\/villadundar.com\/tr\",\"url\":\"https:\/\/villadundar.com\/tr\",\"name\":\"Villa D\u00fcndar Ka\u015f Apart Otel : Anasayfa, Ka\u015fta muhte\u015fem deniz manzaral\u0131 \u00f6zel y\u00fczme havuzlu konaklama keyfi. Ka\u015f Villa apart otel\",\"isPartOf\":{\"@id\":\"https:\/\/villadundar.com\/#website\"},\"datePublished\":\"2017-04-27T15:32:31+00:00\",\"dateModified\":\"2017-07-07T10:41:20+00:00\",\"description\":\"Villa D\u00fcndar Ka\u015f Apart Otel : Anasayfa, Ka\u015fta muhte\u015fem deniz manzaral\u0131 \u00f6zel y\u00fczme havuzlu konaklama keyfi. Ka\u015f Villa apart otel\",\"breadcrumb\":{\"@id\":\"https:\/\/villadundar.com\/tr#breadcrumb\"},\"inLanguage\":\"tr\",\"potentialAction\":[{\"@type\":\"ReadAction\",\"target\":[\"https:\/\/villadundar.com\/tr\"]}]},{\"@type\":\"BreadcrumbList\",\"@id\":\"https:\/\/villadundar.com\/tr#breadcrumb\",\"itemListElement\":[{\"@type\":\"ListItem\",\"position\":1,\"name\":\"Home\",\"item\":\"https:\/\/villadundar.com\/tr\"},{\"@type\":\"ListItem\",\"position\":2,\"name\":\"Ana Sayfa\"}]},{\"@type\":\"WebSite\",\"@id\":\"https:\/\/villadundar.com\/#website\",\"url\":\"https:\/\/villadundar.com\/\",\"name\":\"Villa Dundar\",\"description\":\"Just another WordPress site\",\"potentialAction\":[{\"@type\":\"SearchAction\",\"target\":{\"@type\":\"EntryPoint\",\"urlTemplate\":\"https:\/\/villadundar.com\/?s={search_term_string}\"},\"query-input\":{\"@type\":\"PropertyValueSpecification\",\"valueRequired\":true,\"valueName\":\"search_term_string\"}}],\"inLanguage\":\"tr\"}]}<\/script>\n<!-- \/ Yoast SEO plugin. -->","yoast_head_json":{"title":"Villa D\u00fcndar Ka\u015f Apart Otel : Anasayfa, Ka\u015fta muhte\u015fem deniz manzaral\u0131 \u00f6zel y\u00fczme havuzlu konaklama keyfi. Ka\u015f Villa apart otel","description":"Villa D\u00fcndar Ka\u015f Apart Otel : Anasayfa, Ka\u015fta muhte\u015fem deniz manzaral\u0131 \u00f6zel y\u00fczme havuzlu konaklama keyfi. Ka\u015f Villa apart otel","robots":{"index":"index","follow":"follow","max-snippet":"max-snippet:-1","max-image-preview":"max-image-preview:large","max-video-preview":"max-video-preview:-1"},"canonical":"https:\/\/villadundar.com\/tr","og_locale":"tr_TR","og_type":"article","og_title":"Villa D\u00fcndar Ka\u015f Apart Otel : Anasayfa, Ka\u015fta muhte\u015fem deniz manzaral\u0131 \u00f6zel y\u00fczme havuzlu konaklama keyfi. Ka\u015f Villa apart otel","og_description":"Villa D\u00fcndar Ka\u015f Apart Otel : Anasayfa, Ka\u015fta muhte\u015fem deniz manzaral\u0131 \u00f6zel y\u00fczme havuzlu konaklama keyfi. Ka\u015f Villa apart otel","og_url":"https:\/\/villadundar.com\/tr","og_site_name":"Villa Dundar","article_modified_time":"2017-07-07T10:41:20+00:00","twitter_card":"summary_large_image","twitter_misc":{"Tahmini okuma s\u00fcresi":"6 dakika"},"schema":{"@context":"https:\/\/schema.org","@graph":[{"@type":"WebPage","@id":"https:\/\/villadundar.com\/tr","url":"https:\/\/villadundar.com\/tr","name":"Villa D\u00fcndar Ka\u015f Apart Otel : Anasayfa, Ka\u015fta muhte\u015fem deniz manzaral\u0131 \u00f6zel y\u00fczme havuzlu konaklama keyfi. Ka\u015f Villa apart otel","isPartOf":{"@id":"https:\/\/villadundar.com\/#website"},"datePublished":"2017-04-27T15:32:31+00:00","dateModified":"2017-07-07T10:41:20+00:00","description":"Villa D\u00fcndar Ka\u015f Apart Otel : Anasayfa, Ka\u015fta muhte\u015fem deniz manzaral\u0131 \u00f6zel y\u00fczme havuzlu konaklama keyfi. Ka\u015f Villa apart otel","breadcrumb":{"@id":"https:\/\/villadundar.com\/tr#breadcrumb"},"inLanguage":"tr","potentialAction":[{"@type":"ReadAction","target":["https:\/\/villadundar.com\/tr"]}]},{"@type":"BreadcrumbList","@id":"https:\/\/villadundar.com\/tr#breadcrumb","itemListElement":[{"@type":"ListItem","position":1,"name":"Home","item":"https:\/\/villadundar.com\/tr"},{"@type":"ListItem","position":2,"name":"Ana Sayfa"}]},{"@type":"WebSite","@id":"https:\/\/villadundar.com\/#website","url":"https:\/\/villadundar.com\/","name":"Villa Dundar","description":"Just another WordPress site","potentialAction":[{"@type":"SearchAction","target":{"@type":"EntryPoint","urlTemplate":"https:\/\/villadundar.com\/?s={search_term_string}"},"query-input":{"@type":"PropertyValueSpecification","valueRequired":true,"valueName":"search_term_string"}}],"inLanguage":"tr"}]}},"_links":{"self":[{"href":"https:\/\/villadundar.com\/tr\/wp-json\/wp\/v2\/pages\/392","targetHints":{"allow":["GET"]}}],"collection":[{"href":"https:\/\/villadundar.com\/tr\/wp-json\/wp\/v2\/pages"}],"about":[{"href":"https:\/\/villadundar.com\/tr\/wp-json\/wp\/v2\/types\/page"}],"author":[{"embeddable":true,"href":"https:\/\/villadundar.com\/tr\/wp-json\/wp\/v2\/users\/2"}],"replies":[{"embeddable":true,"href":"https:\/\/villadundar.com\/tr\/wp-json\/wp\/v2\/comments?post=392"}],"version-history":[{"count":5,"href":"https:\/\/villadundar.com\/tr\/wp-json\/wp\/v2\/pages\/392\/revisions"}],"predecessor-version":[{"id":476,"href":"https:\/\/villadundar.com\/tr\/wp-json\/wp\/v2\/pages\/392\/revisions\/476"}],"wp:attachment":[{"href":"https:\/\/villadundar.com\/tr\/wp-json\/wp\/v2\/media?parent=392"}],"curies":[{"name":"wp","href":"https:\/\/api.w.org\/{rel}","templated":true}]}}