{"id":401,"date":"2017-04-27T17:32:29","date_gmt":"2017-04-27T17:32:29","guid":{"rendered":"https:\/\/villadundar.com\/location"},"modified":"2017-06-14T20:55:12","modified_gmt":"2017-06-14T20:55:12","slug":"ulasim","status":"publish","type":"page","link":"https:\/\/villadundar.com\/tr\/ulasim","title":{"rendered":"Ula\u015f\u0131m"},"content":{"rendered":"<div class=\"fusion-fullwidth fullwidth-box fusion-builder-row-1 nonhundred-percent-fullwidth non-hundred-percent-height-scrolling\" style=\"--awb-border-radius-top-left:0px;--awb-border-radius-top-right:0px;--awb-border-radius-bottom-right:0px;--awb-border-radius-bottom-left:0px;--awb-flex-wrap:wrap;\" ><div class=\"fusion-builder-row fusion-row\"><div class=\"fusion-layout-column fusion_builder_column fusion-builder-column-0 fusion_builder_column_1_1 1_1 fusion-one-full fusion-column-first fusion-column-last\" style=\"--awb-bg-size:cover;--awb-margin-bottom:0px;\"><div class=\"fusion-column-wrapper fusion-flex-column-wrapper-legacy\"><div class=\"fusion-title title fusion-title-1 fusion-title-text fusion-title-size-two\"><h2 class=\"fusion-title-heading title-heading-left\" style=\"margin:0;\">Ula\u015f\u0131m<\/h2><span class=\"awb-title-spacer\"><\/span><div class=\"title-sep-container\"><div class=\"title-sep sep-double sep-solid\" style=\"border-color:#e0dede;\"><\/div><\/div><\/div><div class=\"fusion-text fusion-text-1\"><p>Ka\u015fa gelmeye karar verdiyseniz yapman\u0131z gereken ilk i\u015f ula\u015f\u0131m sorununu halletmek. Kendi arac\u0131n\u0131z ile gelmeniz size burada ula\u015f\u0131m \u00f6zg\u00fcrl\u00fc\u011f\u00fc sa\u011flasa da \u0130stanbul-Ka\u015f aras\u0131n\u0131n yakla\u015f\u0131k 950 km oldu\u011funu unutmay\u0131n. Yani sizi uzun bir yolculuk bekliyor. Otob\u00fcs ile Ka\u015f yakla\u015f\u0131k 15 saat s\u00fcr\u00fcyor. \u0130stanbul\u2019dan Kalkan ve Ka\u015f\u2019a, Kamil Ko\u00e7, Metro ve Pamukkale turizmin direkt seferleri var. Ka\u015f\u2019a Fethiye \u00fczerinden aktarma yaparak da gelebilirsiniz. Fethiye\u2019ye bir \u00e7ok otob\u00fcs firmas\u0131n\u0131n seferleri var. \u0130stanbul-Fethiye yakla\u015f\u0131k 850 km, Fethiye Ka\u015f aras\u0131 ise 108 km.<\/p>\n<p>Tabi bir de u\u00e7ak alternatifi var. Ka\u015f, Antalya Havaliman\u0131\u2019na 200, Dalaman Havaliman\u0131\u2019na ise 160 km uzakta. Daha yak\u0131n oldu\u011fu i\u00e7in Dalaman Havaliman\u0131\u2019n\u0131n\u0131 tercih etmenizi \u00f6neririm. Dalaman\u2019a THY\u2019nin (<a href=\"http:\/\/www.thy.com.tr\/\">www.thy.com.tr<\/a>), Atlajjet\u2019in (<a href=\"http:\/\/www.atlasjet.com\/\">www.atlasjet.com<\/a>) ve Onur Air\u2019in <a href=\"http:\/\/www.onurair.com.tr\/\">(www.onurair.com.tr<\/a>) u\u00e7u\u015flar\u0131 var. U\u00e7ak tarih ve saatlerine internet sitelerinden de ula\u015fabilirsiniz. \u0130sterseniz sizin i\u00e7in havaalan\u0131 transferlerinizide organize edebiliriz.<\/p>\n<\/div><div class=\"fusion-sep-clear\"><\/div><div class=\"fusion-separator fusion-full-width-sep\" style=\"margin-left: auto;margin-right: auto;margin-top:15px;margin-bottom:15px;width:100%;\"><\/div><div class=\"fusion-sep-clear\"><\/div><div class=\"fusion-text fusion-text-2\"><p><iframe style=\"border: 0;\" src=\"https:\/\/www.google.com\/maps\/embed?pb=!1m14!1m8!1m3!1d824623.355146123!2d29.705233000000003!3d36.162053!3m2!1i1024!2i768!4f13.1!3m3!1m2!1s0x0%3A0x878a18d3e0031836!2sVilla+D%C3%BCndar+Kas+Apartments!5e0!3m2!1str!2sus!4v1486741246900\" width=\"100%\" height=\"450\" frameborder=\"0\" allowfullscreen=\"allowfullscreen\"><\/iframe><\/p>\n<\/div><div class=\"fusion-clearfix\"><\/div><\/div><\/div><\/div><\/div>\n","protected":false},"excerpt":{"rendered":"","protected":false},"author":2,"featured_media":0,"parent":0,"menu_order":0,"comment_status":"closed","ping_status":"closed","template":"","meta":{"footnotes":""},"class_list":["post-401","page","type-page","status-publish","hentry"],"yoast_head":"<!-- This site is optimized with the Yoast SEO plugin v25.4 - https:\/\/yoast.com\/wordpress\/plugins\/seo\/ -->\n<title>Ula\u015f\u0131m | Villa Dundar<\/title>\n<meta name=\"robots\" content=\"index, follow, max-snippet:-1, max-image-preview:large, max-video-preview:-1\" \/>\n<link rel=\"canonical\" href=\"https:\/\/villadundar.com\/location\" \/>\n<meta property=\"og:locale\" content=\"tr_TR\" \/>\n<meta property=\"og:type\" content=\"article\" \/>\n<meta property=\"og:title\" content=\"Ula\u015f\u0131m | Villa Dundar\" \/>\n<meta property=\"og:url\" content=\"https:\/\/villadundar.com\/location\" \/>\n<meta property=\"og:site_name\" content=\"Villa Dundar\" \/>\n<meta property=\"article:modified_time\" content=\"2017-06-14T20:55:12+00:00\" \/>\n<meta name=\"twitter:card\" content=\"summary_large_image\" \/>\n<meta name=\"twitter:label1\" content=\"Tahmini okuma s\u00fcresi\" \/>\n\t<meta name=\"twitter:data1\" content=\"2 dakika\" \/>\n<script type=\"application\/ld+json\" class=\"yoast-schema-graph\">{\"@context\":\"https:\/\/schema.org\",\"@graph\":[{\"@type\":\"WebPage\",\"@id\":\"https:\/\/villadundar.com\/location\",\"url\":\"https:\/\/villadundar.com\/location\",\"name\":\"Ula\u015f\u0131m | Villa Dundar\",\"isPartOf\":{\"@id\":\"https:\/\/villadundar.com\/#website\"},\"datePublished\":\"2017-04-27T17:32:29+00:00\",\"dateModified\":\"2017-06-14T20:55:12+00:00\",\"breadcrumb\":{\"@id\":\"https:\/\/villadundar.com\/location#breadcrumb\"},\"inLanguage\":\"tr\",\"potentialAction\":[{\"@type\":\"ReadAction\",\"target\":[\"https:\/\/villadundar.com\/location\"]}]},{\"@type\":\"BreadcrumbList\",\"@id\":\"https:\/\/villadundar.com\/location#breadcrumb\",\"itemListElement\":[{\"@type\":\"ListItem\",\"position\":1,\"name\":\"Home\",\"item\":\"https:\/\/villadundar.com\/tr\"},{\"@type\":\"ListItem\",\"position\":2,\"name\":\"Ula\u015f\u0131m\"}]},{\"@type\":\"WebSite\",\"@id\":\"https:\/\/villadundar.com\/#website\",\"url\":\"https:\/\/villadundar.com\/\",\"name\":\"Villa Dundar\",\"description\":\"Just another WordPress site\",\"potentialAction\":[{\"@type\":\"SearchAction\",\"target\":{\"@type\":\"EntryPoint\",\"urlTemplate\":\"https:\/\/villadundar.com\/?s={search_term_string}\"},\"query-input\":{\"@type\":\"PropertyValueSpecification\",\"valueRequired\":true,\"valueName\":\"search_term_string\"}}],\"inLanguage\":\"tr\"}]}<\/script>\n<!-- \/ Yoast SEO plugin. -->","yoast_head_json":{"title":"Ula\u015f\u0131m | Villa Dundar","robots":{"index":"index","follow":"follow","max-snippet":"max-snippet:-1","max-image-preview":"max-image-preview:large","max-video-preview":"max-video-preview:-1"},"canonical":"https:\/\/villadundar.com\/location","og_locale":"tr_TR","og_type":"article","og_title":"Ula\u015f\u0131m | Villa Dundar","og_url":"https:\/\/villadundar.com\/location","og_site_name":"Villa Dundar","article_modified_time":"2017-06-14T20:55:12+00:00","twitter_card":"summary_large_image","twitter_misc":{"Tahmini okuma s\u00fcresi":"2 dakika"},"schema":{"@context":"https:\/\/schema.org","@graph":[{"@type":"WebPage","@id":"https:\/\/villadundar.com\/location","url":"https:\/\/villadundar.com\/location","name":"Ula\u015f\u0131m | Villa Dundar","isPartOf":{"@id":"https:\/\/villadundar.com\/#website"},"datePublished":"2017-04-27T17:32:29+00:00","dateModified":"2017-06-14T20:55:12+00:00","breadcrumb":{"@id":"https:\/\/villadundar.com\/location#breadcrumb"},"inLanguage":"tr","potentialAction":[{"@type":"ReadAction","target":["https:\/\/villadundar.com\/location"]}]},{"@type":"BreadcrumbList","@id":"https:\/\/villadundar.com\/location#breadcrumb","itemListElement":[{"@type":"ListItem","position":1,"name":"Home","item":"https:\/\/villadundar.com\/tr"},{"@type":"ListItem","position":2,"name":"Ula\u015f\u0131m"}]},{"@type":"WebSite","@id":"https:\/\/villadundar.com\/#website","url":"https:\/\/villadundar.com\/","name":"Villa Dundar","description":"Just another WordPress site","potentialAction":[{"@type":"SearchAction","target":{"@type":"EntryPoint","urlTemplate":"https:\/\/villadundar.com\/?s={search_term_string}"},"query-input":{"@type":"PropertyValueSpecification","valueRequired":true,"valueName":"search_term_string"}}],"inLanguage":"tr"}]}},"_links":{"self":[{"href":"https:\/\/villadundar.com\/tr\/wp-json\/wp\/v2\/pages\/401","targetHints":{"allow":["GET"]}}],"collection":[{"href":"https:\/\/villadundar.com\/tr\/wp-json\/wp\/v2\/pages"}],"about":[{"href":"https:\/\/villadundar.com\/tr\/wp-json\/wp\/v2\/types\/page"}],"author":[{"embeddable":true,"href":"https:\/\/villadundar.com\/tr\/wp-json\/wp\/v2\/users\/2"}],"replies":[{"embeddable":true,"href":"https:\/\/villadundar.com\/tr\/wp-json\/wp\/v2\/comments?post=401"}],"version-history":[{"count":4,"href":"https:\/\/villadundar.com\/tr\/wp-json\/wp\/v2\/pages\/401\/revisions"}],"predecessor-version":[{"id":405,"href":"https:\/\/villadundar.com\/tr\/wp-json\/wp\/v2\/pages\/401\/revisions\/405"}],"wp:attachment":[{"href":"https:\/\/villadundar.com\/tr\/wp-json\/wp\/v2\/media?parent=401"}],"curies":[{"name":"wp","href":"https:\/\/api.w.org\/{rel}","templated":true}]}}