{"id":421,"date":"2017-04-27T17:34:08","date_gmt":"2017-04-27T17:34:08","guid":{"rendered":"https:\/\/villadundar.com\/villa-dundar"},"modified":"2020-01-05T14:49:15","modified_gmt":"2020-01-05T14:49:15","slug":"villa-dundar","status":"publish","type":"page","link":"https:\/\/villadundar.com\/tr\/villa-dundar","title":{"rendered":"Villa D\u00fcndar"},"content":{"rendered":"<p><div class=\"fusion-fullwidth fullwidth-box fusion-builder-row-1 nonhundred-percent-fullwidth non-hundred-percent-height-scrolling\" style=\"--awb-border-radius-top-left:0px;--awb-border-radius-top-right:0px;--awb-border-radius-bottom-right:0px;--awb-border-radius-bottom-left:0px;--awb-margin-top:15px;--awb-margin-bottom:15px;--awb-flex-wrap:wrap;\" ><div class=\"fusion-builder-row fusion-row\"><div class=\"fusion-layout-column fusion_builder_column fusion-builder-column-0 fusion_builder_column_1_1 1_1 fusion-one-full fusion-column-first fusion-column-last\" style=\"--awb-bg-size:cover;\"><div class=\"fusion-column-wrapper fusion-flex-column-wrapper-legacy\"><div class=\"fusion-title title fusion-title-1 fusion-title-text fusion-title-size-two\"><h2 class=\"fusion-title-heading title-heading-left\" style=\"margin:0;\">Villa D\u00fcndar<\/h2><span class=\"awb-title-spacer\"><\/span><div class=\"title-sep-container\"><div class=\"title-sep sep-double sep-solid\" style=\"border-color:#e0dede;\"><\/div><\/div><\/div><div class=\"fusion-text fusion-text-1\"><p>Villa D\u00fcndar , <a href=\"http:\/\/tr.wikipedia.org\/wiki\/Antalya\">Antalya<\/a>&#8216;n\u0131n \u015firin il\u00e7esi <a href=\"http:\/\/tr.wikipedia.org\/wiki\/Ka%C5%9F,_Antalya\">Ka\u015f<\/a>&#8216;\u0131n en b\u00fcy\u00fck plaj\u0131 olan <a href=\"http:\/\/www.ada-restaurant.com\/\">B\u00fcy\u00fck\u00e7ak\u0131l<\/a>&#8216; a 500 metre, y\u00fcr\u00fcyerek 10 dakikada uzakl\u0131ktad\u0131r.<\/p>\n<p>Ka\u015f merkezine araba ile 5 dakika, y\u00fcr\u00fcmeyi tercih edenler i\u00e7in ise manzaral\u0131 bir parkur olan bu mesafe 20 &#8211; 25 dakika uzakl\u0131ktad\u0131r.<\/p>\n<p>\u015eehir g\u00fcr\u00fclt\u00fcs\u00fcnden ka\u00e7\u0131p, sessiz ve sakin bir tatil ge\u00e7irmek isteyenlerin tercih edece\u011fi, her t\u00fcrl\u00fc konfora sahip olan villam\u0131z 3 m\u00fcstakil kattan olu\u015fmaktad\u0131r.<\/p>\n<p>Villa D\u00fcndar istenildi\u011fi ve b\u00fct\u00fcn katlar\u0131n m\u00fcsait oldu\u011fu tarihler aras\u0131nda 14 ki\u015filik gruplara i\u00e7in de olduk\u00e7a idealdir.<\/p>\n<p>\u00dc\u00e7 kat\u0131nda b\u00fct\u00fcn yatak odalar\u0131 klimal\u0131 olup, her katta uydu antenli TV mevcuttur.<\/p>\n<p>Bah\u00e7emizde y\u00fczme havuzu, her aile i\u00e7in ayr\u0131 dinlenme ve g\u00fcne\u015flenme mekanlar\u0131 vard\u0131r.<\/p>\n<p>Ve yine bah\u00e7emizde yeti\u015ftirdi\u011fimiz organik sebze ve meyveleri, konuklar\u0131m\u0131z afiyetle yiyebilirler.<\/p>\n<p>Do\u011fan\u0131n, denizin, tabiat\u0131n, sessizli\u011fin, ku\u015f c\u0131v\u0131lt\u0131lar\u0131n\u0131n, g\u00fcn bat\u0131m\u0131n\u0131n tad\u0131n\u0131 doya doya \u00e7\u0131karmak isteyenlerin tercih ettikleri villam\u0131z siz say\u0131n konuklar\u0131m\u0131z\u0131n hizmetindedir.<\/p>\n<\/div><div class=\"fusion-clearfix\"><\/div><\/div><\/div><\/div><\/div><div class=\"fusion-fullwidth fullwidth-box fusion-builder-row-2 nonhundred-percent-fullwidth non-hundred-percent-height-scrolling\" style=\"--awb-border-radius-top-left:0px;--awb-border-radius-top-right:0px;--awb-border-radius-bottom-right:0px;--awb-border-radius-bottom-left:0px;--awb-margin-top:30px;--awb-margin-bottom:30px;--awb-flex-wrap:wrap;\" ><div class=\"fusion-builder-row fusion-row\"><div class=\"fusion-layout-column fusion_builder_column fusion-builder-column-1 fusion_builder_column_1_1 1_1 fusion-one-full fusion-column-first fusion-column-last\" style=\"--awb-bg-size:cover;\"><div class=\"fusion-column-wrapper fusion-flex-column-wrapper-legacy\"><div class=\"fusion-title title fusion-title-2 sep-underline sep-solid fusion-title-text fusion-title-size-two\"><h2 class=\"fusion-title-heading title-heading-left\" style=\"margin:0;\">Havuz kenar\u0131 m\u00fcstakil Ev (4 ki\u015filik)<\/h2><\/div><div class=\"fusion-text fusion-text-2\"><p>Bah\u00e7ede havuz kenar\u0131nda yer alan bu evimizde 2 yatak odas\u0131 (1 \u00e7ift ki\u015filik, 2 tek yatakl\u0131), 2 banyo tuvalet, ve tam donan\u0131ml\u0131 bir mutfak bulunmaktad\u0131r.<\/p>\n<p>Bah\u00e7edeki evimizin \u00f6n\u00fcnde ortak y\u00fczme havuzu bulunmaktad\u0131r. \u00d6n taraf\u0131nda \u00f6zel g\u00f6lgelikli varenda yer al\u0131r. 2 yatak odas\u0131nda da Uydu al\u0131c\u0131l\u0131 LCD TV bulunmaktad\u0131r. Her iki odada da klima vard\u0131r.<\/p>\n<p>\u00c7ift ki\u015filik yatak odas\u0131na biti\u015fik mutfa\u011f\u0131nda ; bula\u015f\u0131k makinas\u0131, \u00e7ama\u015f\u0131r makinas\u0131, buzdolab\u0131\/donduruculu, elektrikli f\u0131r\u0131n ve gazl\u0131 ocak \u00a0yer almaktad\u0131r.<\/p>\n<p>\u0130ki tek yatakl\u0131 oda da gaz oca\u011f\u0131, lavabosu ve k\u00fc\u00e7\u00fck buzdolab\u0131 ile mini bir mutfak daha vard\u0131r.<\/p>\n<p>Her odan\u0131n kendine ait banyo tuvaleti vard\u0131r.<\/p>\n<p>Villa D\u00fcndar&#8217;\u0131n Bah\u00e7e Villas\u0131 y\u00fczme havuzunun yan\u0131ndad\u0131r ve oturma odas\u0131 yoktur.<\/p>\n<p>2 yatak odas\u0131 + 1 mutfak + 1 mini mutfak ve 2 tuvalet ve du\u015f.<\/p>\n<p>E\u011fer sadece iki ki\u015fi iseniz \u00e7ift ki\u015filik oday\u0131, veya 2 tek yatakl\u0131 oday\u0131 ayr\u0131 ayr\u0131 da kiralayabilirsiniz.<\/p>\n<\/div><div class=\"fusion-clearfix\"><\/div><\/div><\/div><div class=\"fusion-layout-column fusion_builder_column fusion-builder-column-2 fusion_builder_column_2_3 2_3 fusion-two-third fusion-column-first\" style=\"--awb-bg-size:cover;width:66.666666666667%;width:calc(66.666666666667% - ( ( 4% ) * 0.66666666666667 ) );margin-right: 4%;\"><div class=\"fusion-column-wrapper fusion-flex-column-wrapper-legacy\"><div class=\"fusion-button-wrapper\"><a class=\"fusion-button button-3d button-medium button-blue fusion-button-blue button-1 fusion-button-default-span \" target=\"_self\" href=\"https:\/\/villadundar.com\/photo-gallery#gg_cg_111\/Garden &amp; Swimming Pool\"><span class=\"fusion-button-icon-divider button-icon-divider-left\"><i class=\" fa fa-camera\" aria-hidden=\"true\"><\/i><\/span><span class=\"fusion-button-text fusion-button-text-left\"> Foto\u011fraflar\u0131n\u0131 g\u00f6rmek i\u00e7in l\u00fctfen t\u0131klay\u0131n.<\/span><\/a><\/div><div class=\"fusion-clearfix\"><\/div><\/div><\/div><div class=\"fusion-layout-column fusion_builder_column fusion-builder-column-3 fusion_builder_column_1_3 1_3 fusion-one-third fusion-column-last\" style=\"--awb-bg-size:cover;width:33.333333333333%;width:calc(33.333333333333% - ( ( 4% ) * 0.33333333333333 ) );\"><div class=\"fusion-column-wrapper fusion-flex-column-wrapper-legacy\"><div class=\"fusion-button-wrapper\"><a class=\"fusion-button button-3d button-medium button-orange fusion-button-orange button-2 fusion-button-default-span \" target=\"_self\" href=\"https:\/\/villadundar.com\/tr\/online-rezervasyon\"><span class=\"fusion-button-icon-divider button-icon-divider-left\"><i class=\" fa fa-camera\" aria-hidden=\"true\"><\/i><\/span><span class=\"fusion-button-text fusion-button-text-left\">ONLINE REZERVASYON<\/span><\/a><\/div><div class=\"fusion-clearfix\"><\/div><\/div><\/div><\/div><\/div><div class=\"fusion-fullwidth fullwidth-box fusion-builder-row-3 nonhundred-percent-fullwidth non-hundred-percent-height-scrolling\" style=\"--awb-border-radius-top-left:0px;--awb-border-radius-top-right:0px;--awb-border-radius-bottom-right:0px;--awb-border-radius-bottom-left:0px;--awb-margin-top:30px;--awb-margin-bottom:30px;--awb-flex-wrap:wrap;\" ><div class=\"fusion-builder-row fusion-row\"><div class=\"fusion-layout-column fusion_builder_column fusion-builder-column-4 fusion_builder_column_1_1 1_1 fusion-one-full fusion-column-first fusion-column-last\" style=\"--awb-bg-size:cover;\"><div class=\"fusion-column-wrapper fusion-flex-column-wrapper-legacy\"><div class=\"fusion-title title fusion-title-3 sep-underline sep-solid fusion-title-text fusion-title-size-two\"><h2 class=\"fusion-title-heading title-heading-left\" style=\"margin:0;\">\u00c7ift Ki\u015filik Oda &#8211; Bah\u00e7e Apart &#8211; Havuz Kenar\u0131<\/h2><\/div><div class=\"fusion-text fusion-text-3\"><p>2 ki\u015filik tek yatak odas\u0131 (ek yatak ile 3 ki\u015fi konaklayabilir)<br \/>\nOdan\u0131n mutfa\u011f\u0131, banyo tuvaleti ve s\u0131cak yaz g\u00fcnleri i\u00e7in klimas\u0131 bulunmaktad\u0131r. Ka\u015f&#8217;daki \u00e7o\u011fu oda dan daha geni\u015ftir. 24 saat s\u0131cak su bulunmaktad\u0131r. Tam donan\u0131ml\u0131 bir mutfa\u011f\u0131 (bula\u015f\u0131k makinas\u0131, \u00e7ama\u015f\u0131r makinas\u0131, buzdolab\u0131\/donduruculu, elektrikli f\u0131r\u0131n ve gazl\u0131 ocak ), uydu antenli LCD TV&#8217;li y\u00fczme havuzuna bakan oturma alan\u0131 vard\u0131r. Hemen \u00f6n\u00fcnde bulunan mangal\u0131 istedi\u011finiz zaman kullanabilirsiniz. .<\/p>\n<\/div><div class=\"fusion-clearfix\"><\/div><\/div><\/div><div class=\"fusion-layout-column fusion_builder_column fusion-builder-column-5 fusion_builder_column_2_3 2_3 fusion-two-third fusion-column-first\" style=\"--awb-bg-size:cover;width:66.666666666667%;width:calc(66.666666666667% - ( ( 4% ) * 0.66666666666667 ) );margin-right: 4%;\"><div class=\"fusion-column-wrapper fusion-flex-column-wrapper-legacy\"><div class=\"fusion-button-wrapper\"><a class=\"fusion-button button-3d button-medium button-blue fusion-button-blue button-3 fusion-button-default-span \" target=\"_self\" href=\"https:\/\/villadundar.com\/tr\/foto-galeri#gg_cg_490\/Garden%20Villa%20Double%20Room\"><span class=\"fusion-button-icon-divider button-icon-divider-left\"><i class=\" fa fa-camera\" aria-hidden=\"true\"><\/i><\/span><span class=\"fusion-button-text fusion-button-text-left\">Foto\u011fraflar\u0131n\u0131 g\u00f6rmek i\u00e7in l\u00fctfen t\u0131klay\u0131n.<\/span><\/a><\/div><div class=\"fusion-clearfix\"><\/div><\/div><\/div><div class=\"fusion-layout-column fusion_builder_column fusion-builder-column-6 fusion_builder_column_1_3 1_3 fusion-one-third fusion-column-last\" style=\"--awb-bg-size:cover;width:33.333333333333%;width:calc(33.333333333333% - ( ( 4% ) * 0.33333333333333 ) );\"><div class=\"fusion-column-wrapper fusion-flex-column-wrapper-legacy\"><div class=\"fusion-button-wrapper\"><a class=\"fusion-button button-3d button-medium button-orange fusion-button-orange button-4 fusion-button-default-span \" target=\"_self\" href=\"https:\/\/villadundar.com\/tr\/online-rezervasyon\"><span class=\"fusion-button-icon-divider button-icon-divider-left\"><i class=\" fa fa-camera\" aria-hidden=\"true\"><\/i><\/span><span class=\"fusion-button-text fusion-button-text-left\">ONLINE REZERVASYON<\/span><\/a><\/div><div class=\"fusion-clearfix\"><\/div><\/div><\/div><\/div><\/div><div class=\"fusion-fullwidth fullwidth-box fusion-builder-row-4 nonhundred-percent-fullwidth non-hundred-percent-height-scrolling\" style=\"--awb-border-radius-top-left:0px;--awb-border-radius-top-right:0px;--awb-border-radius-bottom-right:0px;--awb-border-radius-bottom-left:0px;--awb-margin-top:30px;--awb-margin-bottom:30px;--awb-flex-wrap:wrap;\" ><div class=\"fusion-builder-row fusion-row\"><div class=\"fusion-layout-column fusion_builder_column fusion-builder-column-7 fusion_builder_column_1_1 1_1 fusion-one-full fusion-column-first fusion-column-last\" style=\"--awb-bg-size:cover;\"><div class=\"fusion-column-wrapper fusion-flex-column-wrapper-legacy\"><div class=\"fusion-title title fusion-title-4 sep-underline sep-solid fusion-title-text fusion-title-size-two\"><h2 class=\"fusion-title-heading title-heading-left\" style=\"margin:0;\">2 tek yatakl\u0131 oda &#8211; Bah\u00e7e Apart &#8211; Havuz Kenar\u0131<\/h2><\/div><div class=\"fusion-text fusion-text-4\"><p>\u00a02 Ki\u015filik tek yatak odas\u0131<\/p>\n<p>Kendine ait banyo\/tuvaleti, ufak tam donan\u0131ml\u0131 mutfa\u011f\u0131 ve s\u0131cak yaz g\u00fcnleri i\u00e7in klimas\u0131 vard\u0131r. 2 ki\u015fi i\u00e7in Ka\u015f&#8217;daki bir \u00e7ok konaklama yerinden daha fazla alan sunmaktad\u0131r. Yataklar\u0131n \u00f6n\u00fcnde Uydu al\u0131c\u0131l\u0131 LCD TV yer al\u0131r. \u00d6n taraf\u0131nda geni\u015f g\u00f6lgelikli d\u0131\u015f mekan oturma alan\u0131 yer almaktad\u0131r. <\/p>\n<\/div><div class=\"fusion-clearfix\"><\/div><\/div><\/div><div class=\"fusion-layout-column fusion_builder_column fusion-builder-column-8 fusion_builder_column_2_3 2_3 fusion-two-third fusion-column-first\" style=\"--awb-bg-size:cover;width:66.666666666667%;width:calc(66.666666666667% - ( ( 4% ) * 0.66666666666667 ) );margin-right: 4%;\"><div class=\"fusion-column-wrapper fusion-flex-column-wrapper-legacy\"><div class=\"fusion-button-wrapper\"><a class=\"fusion-button button-3d button-medium button-blue fusion-button-blue button-5 fusion-button-default-span \" target=\"_self\" href=\"https:\/\/villadundar.com\/tr\/foto-galeri#gg_cg_499\/Garden%20Villa%20Twin%20Room\"><span class=\"fusion-button-icon-divider button-icon-divider-left\"><i class=\" fa fa-camera\" aria-hidden=\"true\"><\/i><\/span><span class=\"fusion-button-text fusion-button-text-left\"> Foto\u011fraflar\u0131n\u0131 g\u00f6rmek i\u00e7in l\u00fctfen t\u0131klay\u0131n..<\/span><\/a><\/div><div class=\"fusion-clearfix\"><\/div><\/div><\/div><div class=\"fusion-layout-column fusion_builder_column fusion-builder-column-9 fusion_builder_column_1_3 1_3 fusion-one-third fusion-column-last\" style=\"--awb-bg-size:cover;width:33.333333333333%;width:calc(33.333333333333% - ( ( 4% ) * 0.33333333333333 ) );\"><div class=\"fusion-column-wrapper fusion-flex-column-wrapper-legacy\"><div class=\"fusion-button-wrapper\"><a class=\"fusion-button button-3d button-medium button-orange fusion-button-orange button-6 fusion-button-default-span \" target=\"_self\" href=\"https:\/\/villadundar.com\/tr\/online-rezervasyon\"><span class=\"fusion-button-icon-divider button-icon-divider-left\"><i class=\" fa fa-camera\" aria-hidden=\"true\"><\/i><\/span><span class=\"fusion-button-text fusion-button-text-left\">ONLINE REZERVASYON<\/span><\/a><\/div><div class=\"fusion-clearfix\"><\/div><\/div><\/div><\/div><\/div><div class=\"fusion-fullwidth fullwidth-box fusion-builder-row-5 nonhundred-percent-fullwidth non-hundred-percent-height-scrolling\" style=\"--awb-border-radius-top-left:0px;--awb-border-radius-top-right:0px;--awb-border-radius-bottom-right:0px;--awb-border-radius-bottom-left:0px;--awb-margin-top:30px;--awb-margin-bottom:30px;--awb-flex-wrap:wrap;\" ><div class=\"fusion-builder-row fusion-row\"><div class=\"fusion-layout-column fusion_builder_column fusion-builder-column-10 fusion_builder_column_1_1 1_1 fusion-one-full fusion-column-first fusion-column-last\" style=\"--awb-bg-size:cover;\"><div class=\"fusion-column-wrapper fusion-flex-column-wrapper-legacy\"><div class=\"fusion-title title fusion-title-5 sep-underline sep-solid fusion-title-text fusion-title-size-two\"><h2 class=\"fusion-title-heading title-heading-left\" style=\"margin:0;\">Deniz Manzaral\u0131 Villa 2.kat (6 ki\u015filik)<\/h2><\/div><div class=\"fusion-text fusion-text-5\"><p>Villa D\u00fcndar\u2019\u0131n ikinci kat\u0131nda yer alan bu dairemizde 3 yatak odas\u0131 (1 \u00e7ift ki\u015filik oda , 2 adet 2 tek yatakl\u0131 oda yer almaktad\u0131r ) Yatsan marka geni\u015f yataklarda kendi evinizdeki gibi rahat uyku uyuyacaks\u0131n\u0131z.<\/p>\n<p>Tam donan\u0131ml\u0131 mutfa\u011f\u0131nda Bula\u015f\u0131k makinas\u0131, b\u00fcy\u00fck buzdolab\u0131, gazl\u0131 ocak, tost ve kahve makinalar\u0131 bulunmaktad\u0131r. B\u00fct\u00fcn yemek ve mutfak e\u015fyalar\u0131, tencere, tavalar vard\u0131r. Mutfaktaki su sebili sayesinde eve su ta\u015f\u0131mak zorunda kalmazs\u0131n\u0131z. Oturma odas\u0131nda LCD TV vard\u0131r. Salon mutfak dahil b\u00fct\u00fcn odalar\u0131nda klima yer almaktad\u0131r.<\/p>\n<p>Ve en \u00f6nemlisi \u00a0muhte\u015fem deniz, g\u00fcn bat\u0131m\u0131 ve Ka\u015f manzaral\u0131 balkonunda keyifli anlar ve hat\u0131ralar biriktireceksiniz.<\/p>\n<\/div><div class=\"fusion-clearfix\"><\/div><\/div><\/div><div class=\"fusion-layout-column fusion_builder_column fusion-builder-column-11 fusion_builder_column_2_3 2_3 fusion-two-third fusion-column-first\" style=\"--awb-bg-size:cover;width:66.666666666667%;width:calc(66.666666666667% - ( ( 4% ) * 0.66666666666667 ) );margin-right: 4%;\"><div class=\"fusion-column-wrapper fusion-flex-column-wrapper-legacy\"><div class=\"fusion-button-wrapper\"><a class=\"fusion-button button-3d button-medium button-blue fusion-button-blue button-7 fusion-button-default-span \" target=\"_self\" href=\"https:\/\/villadundar.com\/tr\/foto-galeri#gg_cg_140\/Second%20Floor\"><span class=\"fusion-button-icon-divider button-icon-divider-left\"><i class=\" fa fa-camera\" aria-hidden=\"true\"><\/i><\/span><span class=\"fusion-button-text fusion-button-text-left\"> Foto\u011fraflar\u0131n\u0131 g\u00f6rmek i\u00e7in l\u00fctfen t\u0131klay\u0131n..<\/span><\/a><\/div><div class=\"fusion-clearfix\"><\/div><\/div><\/div><div class=\"fusion-layout-column fusion_builder_column fusion-builder-column-12 fusion_builder_column_1_3 1_3 fusion-one-third fusion-column-last\" style=\"--awb-bg-size:cover;width:33.333333333333%;width:calc(33.333333333333% - ( ( 4% ) * 0.33333333333333 ) );\"><div class=\"fusion-column-wrapper fusion-flex-column-wrapper-legacy\"><div class=\"fusion-button-wrapper\"><a class=\"fusion-button button-3d button-medium button-orange fusion-button-orange button-8 fusion-button-default-span \" target=\"_self\" href=\"https:\/\/villadundar.com\/tr\/online-rezervasyon\"><span class=\"fusion-button-icon-divider button-icon-divider-left\"><i class=\" fa fa-camera\" aria-hidden=\"true\"><\/i><\/span><span class=\"fusion-button-text fusion-button-text-left\">ONLINE REZERVASYON<\/span><\/a><\/div><div class=\"fusion-clearfix\"><\/div><\/div><\/div><\/div><\/div><div class=\"fusion-fullwidth fullwidth-box fusion-builder-row-6 nonhundred-percent-fullwidth non-hundred-percent-height-scrolling\" style=\"--awb-border-radius-top-left:0px;--awb-border-radius-top-right:0px;--awb-border-radius-bottom-right:0px;--awb-border-radius-bottom-left:0px;--awb-margin-top:30px;--awb-margin-bottom:30px;--awb-flex-wrap:wrap;\" ><div class=\"fusion-builder-row fusion-row\"><div class=\"fusion-layout-column fusion_builder_column fusion-builder-column-13 fusion_builder_column_1_1 1_1 fusion-one-full fusion-column-first fusion-column-last\" style=\"--awb-bg-size:cover;\"><div class=\"fusion-column-wrapper fusion-flex-column-wrapper-legacy\"><div class=\"fusion-title title fusion-title-6 sep-underline sep-solid fusion-title-text fusion-title-size-two\"><h2 class=\"fusion-title-heading title-heading-left\" style=\"margin:0;\">Deniz Manzaral\u0131 Villa 3.kat\u0131 (4 ki\u015filik)<\/h2><\/div><div class=\"fusion-text fusion-text-6\"><p>Villa D\u00fcndar\u2019\u0131n \u00fc\u00e7\u00fcnc\u00fc kat\u0131nda bulunan bu dairemizde 2 yatak odas\u0131 (1 \u00e7ift ki\u015filik, 2 tek yatakl\u0131 ) Yatsan marka geni\u015f yataklar\u0131 bulunmaktad\u0131r. Her odan\u0131n kendisine ait banyo tuvaleti bulunur.<\/p>\n<p>Yatak odalar\u0131 ve salon mutfakta klima yer almaktad\u0131r.<\/p>\n<p>Mutfakta bula\u015f\u0131k makinas\u0131, ocak ve b\u00fcy\u00fck buzdolab\u0131, tencere, tava, gibi mutfak gere\u00e7leri vard\u0131r. Salonda LCD TV li k\u00f6\u015fe oturma tak\u0131m\u0131 yer al\u0131r.<\/p>\n<p>Villa D\u00fcndar&#8217;\u0131n en \u00fcst kat\u0131nda bulunan bu dairemizde kal\u0131rsan\u0131z zaman\u0131n\u0131z\u0131 b\u00fcy\u00fck b\u00f6l\u00fcm\u00fc balkonda ge\u00e7er. 4 ki\u015filik masa ve sandalye, b\u00fcy\u00fck bir hamak bulunan terasta muhte\u015fem Ka\u015f, deniz ve g\u00fcn bat\u0131m\u0131 manzaras\u0131n\u0131 izlemekten kendinizi alamayacaks\u0131n\u0131z.<\/p>\n<p>Geceleri de Ka\u015f\u2019\u0131n \u0131\u015f\u0131klar\u0131n manzaras\u0131 \u00e7ok g\u00fczeldir.<\/p>\n<\/div><div class=\"fusion-clearfix\"><\/div><\/div><\/div><div class=\"fusion-layout-column fusion_builder_column fusion-builder-column-14 fusion_builder_column_2_3 2_3 fusion-two-third fusion-column-first\" style=\"--awb-bg-size:cover;width:66.666666666667%;width:calc(66.666666666667% - ( ( 4% ) * 0.66666666666667 ) );margin-right: 4%;\"><div class=\"fusion-column-wrapper fusion-flex-column-wrapper-legacy\"><div class=\"fusion-button-wrapper\"><a class=\"fusion-button button-3d button-medium button-blue fusion-button-blue button-9 fusion-button-default-span \" target=\"_self\" href=\"https:\/\/villadundar.com\/tr\/foto-galeri#gg_cg_164\/Top%20Floor\"><span class=\"fusion-button-icon-divider button-icon-divider-left\"><i class=\" fa fa-camera\" aria-hidden=\"true\"><\/i><\/span><span class=\"fusion-button-text fusion-button-text-left\">Foto\u011fraflar\u0131n\u0131 g\u00f6rmek i\u00e7in l\u00fctfen t\u0131klay\u0131n.<\/span><\/a><\/div><div class=\"fusion-clearfix\"><\/div><\/div><\/div><div class=\"fusion-layout-column fusion_builder_column fusion-builder-column-15 fusion_builder_column_1_3 1_3 fusion-one-third fusion-column-last\" style=\"--awb-bg-size:cover;width:33.333333333333%;width:calc(33.333333333333% - ( ( 4% ) * 0.33333333333333 ) );\"><div class=\"fusion-column-wrapper fusion-flex-column-wrapper-legacy\"><div class=\"fusion-button-wrapper\"><a class=\"fusion-button button-3d button-medium button-orange fusion-button-orange button-10 fusion-button-default-span \" target=\"_self\" href=\"https:\/\/villadundar.com\/tr\/online-rezervasyon\"><span class=\"fusion-button-icon-divider button-icon-divider-left\"><i class=\" fa fa-camera\" aria-hidden=\"true\"><\/i><\/span><span class=\"fusion-button-text fusion-button-text-left\">ONLINE REZERVASYON<\/span><\/a><\/div><div class=\"fusion-clearfix\"><\/div><\/div><\/div><\/div><\/div><\/p>\n","protected":false},"excerpt":{"rendered":"","protected":false},"author":2,"featured_media":0,"parent":0,"menu_order":0,"comment_status":"closed","ping_status":"closed","template":"","meta":{"footnotes":""},"class_list":["post-421","page","type-page","status-publish","hentry"],"yoast_head":"<!-- This site is optimized with the Yoast SEO plugin v25.4 - https:\/\/yoast.com\/wordpress\/plugins\/seo\/ -->\n<title>Villa D\u00fcndar | Villa Dundar<\/title>\n<meta name=\"robots\" content=\"index, follow, max-snippet:-1, max-image-preview:large, max-video-preview:-1\" \/>\n<link rel=\"canonical\" href=\"https:\/\/villadundar.com\/villa-dundar\" \/>\n<meta property=\"og:locale\" content=\"tr_TR\" \/>\n<meta property=\"og:type\" content=\"article\" \/>\n<meta property=\"og:title\" content=\"Villa D\u00fcndar | Villa Dundar\" \/>\n<meta property=\"og:url\" content=\"https:\/\/villadundar.com\/villa-dundar\" \/>\n<meta property=\"og:site_name\" content=\"Villa Dundar\" \/>\n<meta property=\"article:modified_time\" content=\"2020-01-05T14:49:15+00:00\" \/>\n<meta name=\"twitter:card\" content=\"summary_large_image\" \/>\n<meta name=\"twitter:label1\" content=\"Tahmini okuma s\u00fcresi\" \/>\n\t<meta name=\"twitter:data1\" content=\"17 dakika\" \/>\n<script type=\"application\/ld+json\" class=\"yoast-schema-graph\">{\"@context\":\"https:\/\/schema.org\",\"@graph\":[{\"@type\":\"WebPage\",\"@id\":\"https:\/\/villadundar.com\/villa-dundar\",\"url\":\"https:\/\/villadundar.com\/villa-dundar\",\"name\":\"Villa D\u00fcndar | Villa Dundar\",\"isPartOf\":{\"@id\":\"https:\/\/villadundar.com\/#website\"},\"datePublished\":\"2017-04-27T17:34:08+00:00\",\"dateModified\":\"2020-01-05T14:49:15+00:00\",\"breadcrumb\":{\"@id\":\"https:\/\/villadundar.com\/villa-dundar#breadcrumb\"},\"inLanguage\":\"tr\",\"potentialAction\":[{\"@type\":\"ReadAction\",\"target\":[\"https:\/\/villadundar.com\/villa-dundar\"]}]},{\"@type\":\"BreadcrumbList\",\"@id\":\"https:\/\/villadundar.com\/villa-dundar#breadcrumb\",\"itemListElement\":[{\"@type\":\"ListItem\",\"position\":1,\"name\":\"Home\",\"item\":\"https:\/\/villadundar.com\/tr\"},{\"@type\":\"ListItem\",\"position\":2,\"name\":\"Villa D\u00fcndar\"}]},{\"@type\":\"WebSite\",\"@id\":\"https:\/\/villadundar.com\/#website\",\"url\":\"https:\/\/villadundar.com\/\",\"name\":\"Villa Dundar\",\"description\":\"Just another WordPress site\",\"potentialAction\":[{\"@type\":\"SearchAction\",\"target\":{\"@type\":\"EntryPoint\",\"urlTemplate\":\"https:\/\/villadundar.com\/?s={search_term_string}\"},\"query-input\":{\"@type\":\"PropertyValueSpecification\",\"valueRequired\":true,\"valueName\":\"search_term_string\"}}],\"inLanguage\":\"tr\"}]}<\/script>\n<!-- \/ Yoast SEO plugin. -->","yoast_head_json":{"title":"Villa D\u00fcndar | Villa Dundar","robots":{"index":"index","follow":"follow","max-snippet":"max-snippet:-1","max-image-preview":"max-image-preview:large","max-video-preview":"max-video-preview:-1"},"canonical":"https:\/\/villadundar.com\/villa-dundar","og_locale":"tr_TR","og_type":"article","og_title":"Villa D\u00fcndar | Villa Dundar","og_url":"https:\/\/villadundar.com\/villa-dundar","og_site_name":"Villa Dundar","article_modified_time":"2020-01-05T14:49:15+00:00","twitter_card":"summary_large_image","twitter_misc":{"Tahmini okuma s\u00fcresi":"17 dakika"},"schema":{"@context":"https:\/\/schema.org","@graph":[{"@type":"WebPage","@id":"https:\/\/villadundar.com\/villa-dundar","url":"https:\/\/villadundar.com\/villa-dundar","name":"Villa D\u00fcndar | Villa Dundar","isPartOf":{"@id":"https:\/\/villadundar.com\/#website"},"datePublished":"2017-04-27T17:34:08+00:00","dateModified":"2020-01-05T14:49:15+00:00","breadcrumb":{"@id":"https:\/\/villadundar.com\/villa-dundar#breadcrumb"},"inLanguage":"tr","potentialAction":[{"@type":"ReadAction","target":["https:\/\/villadundar.com\/villa-dundar"]}]},{"@type":"BreadcrumbList","@id":"https:\/\/villadundar.com\/villa-dundar#breadcrumb","itemListElement":[{"@type":"ListItem","position":1,"name":"Home","item":"https:\/\/villadundar.com\/tr"},{"@type":"ListItem","position":2,"name":"Villa D\u00fcndar"}]},{"@type":"WebSite","@id":"https:\/\/villadundar.com\/#website","url":"https:\/\/villadundar.com\/","name":"Villa Dundar","description":"Just another WordPress site","potentialAction":[{"@type":"SearchAction","target":{"@type":"EntryPoint","urlTemplate":"https:\/\/villadundar.com\/?s={search_term_string}"},"query-input":{"@type":"PropertyValueSpecification","valueRequired":true,"valueName":"search_term_string"}}],"inLanguage":"tr"}]}},"_links":{"self":[{"href":"https:\/\/villadundar.com\/tr\/wp-json\/wp\/v2\/pages\/421","targetHints":{"allow":["GET"]}}],"collection":[{"href":"https:\/\/villadundar.com\/tr\/wp-json\/wp\/v2\/pages"}],"about":[{"href":"https:\/\/villadundar.com\/tr\/wp-json\/wp\/v2\/types\/page"}],"author":[{"embeddable":true,"href":"https:\/\/villadundar.com\/tr\/wp-json\/wp\/v2\/users\/2"}],"replies":[{"embeddable":true,"href":"https:\/\/villadundar.com\/tr\/wp-json\/wp\/v2\/comments?post=421"}],"version-history":[{"count":16,"href":"https:\/\/villadundar.com\/tr\/wp-json\/wp\/v2\/pages\/421\/revisions"}],"predecessor-version":[{"id":602,"href":"https:\/\/villadundar.com\/tr\/wp-json\/wp\/v2\/pages\/421\/revisions\/602"}],"wp:attachment":[{"href":"https:\/\/villadundar.com\/tr\/wp-json\/wp\/v2\/media?parent=421"}],"curies":[{"name":"wp","href":"https:\/\/api.w.org\/{rel}","templated":true}]}}