{"id":427,"date":"2017-05-27T19:42:10","date_gmt":"2017-05-27T19:42:10","guid":{"rendered":"https:\/\/villadundar.com\/about-kas"},"modified":"2017-06-14T21:38:42","modified_gmt":"2017-06-14T21:38:42","slug":"kas-hakkinda","status":"publish","type":"page","link":"https:\/\/villadundar.com\/tr\/kas-hakkinda","title":{"rendered":"Ka\u015f Hakk\u0131nda"},"content":{"rendered":"<div class=\"fusion-fullwidth fullwidth-box fusion-builder-row-1 nonhundred-percent-fullwidth non-hundred-percent-height-scrolling\" style=\"--awb-border-radius-top-left:0px;--awb-border-radius-top-right:0px;--awb-border-radius-bottom-right:0px;--awb-border-radius-bottom-left:0px;--awb-flex-wrap:wrap;\" ><div class=\"fusion-builder-row fusion-row\"><div class=\"fusion-layout-column fusion_builder_column fusion-builder-column-0 fusion_builder_column_1_1 1_1 fusion-one-full fusion-column-first fusion-column-last\" style=\"--awb-bg-size:cover;\"><div class=\"fusion-column-wrapper fusion-flex-column-wrapper-legacy\"><div class=\"fusion-title title fusion-title-1 fusion-title-text fusion-title-size-two\"><h2 class=\"fusion-title-heading title-heading-left\" style=\"margin:0;\">Ka\u015f Hakk\u0131nda<\/h2><span class=\"awb-title-spacer\"><\/span><div class=\"title-sep-container\"><div class=\"title-sep sep-double sep-solid\" style=\"border-color:#e0dede;\"><\/div><\/div><\/div><div class=\"fusion-text fusion-text-1\"><p>Likya&#8217;n\u0131n \u00f6nemli kentlerinden olan Ka\u015f, il\u00e7eyi \u00e7evreleyen Antik D\u00f6neme ait kentler ve tarihsel de\u011ferlerle doyumsuz k\u00fclt\u00fcr seyahatleri, Akdeniz&#8217;in derinlerde yaratt\u0131\u011f\u0131 heyecanlari doruklarda hissettiren sualt\u0131 dal\u0131\u015flar\u0131, nehirlerde yap\u0131lan macera dolu kano turlar\u0131, ekolojik uyumun ke\u015ffedildi\u011fi do\u011fa y\u00fcr\u00fcy\u00fc\u015fleri, derin ve karanl\u0131k ma\u011faralara teknik donan\u0131ml\u0131 ma\u011fara dal\u0131\u015flar\u0131,; y\u00fcksek da\u011flardan turkuaz rengli sular\u0131n manzaras\u0131na s\u00fcz\u00fclen yama\u00e7 para\u015f\u00fct\u00fc, Akdeniz&#8217;de de\u011ferli ta\u015flar\u0131 and\u0131ran adalar ile \u00e7evreye yap\u0131lacak Mavi Yolculuk ve tekne turlar\u0131, damak tad\u0131n\u0131za uygun deniz \u00fcr\u00fcnleri ve da\u011flarda yeti\u015fen kokulu otlarla tatland\u0131r\u0131lan y\u00f6resel yemeklerden olu\u015fan m\u00f6n\u00fcs\u00fc, y\u00fczlerce y\u0131l\u0131n miras\u0131, el sanatlar\u0131n\u0131n \u00e7e\u015fit ve g\u00fczelli\u011fi, Ka\u015f&#8217;\u0131n ba\u011fl\u0131 oldu\u011fu Antalya ve il\u00e7elerine ait turizm merkezleri ile tabiat, tarih ve k\u00fclt\u00fcr zenginli\u011fini, alternatif turizm imkanlar\u0131 ve \u00e7evresinde yer alan turizm merkezlerinden olu\u015fan renkli yelpazesi ile d\u00fc\u015fsel bir mekand\u0131r.<\/p>\n<h2>TAR\u0130H\u00c7E<\/h2>\n<p>Ka\u015f Likyal\u0131lar&#8217;dan kalma bir kiyi kentidir. &#8220;Phellos&#8221; Grek dilinde &#8220;Ta\u015fl\u0131 Yer&#8221; anlam\u0131na gelmektedir. Ger\u00e7ekten de bu isim Ka\u015f&#8217;a \u00e7ok uymaktad\u0131r. Arkeolojik buluntularla kan\u0131tlanan Habesos ad\u0131, antik kentin en eski ad\u0131d\u0131r. Antik kent tarihte Antiphellos ismi ile an\u0131lm\u0131\u015ft\u0131r. Karia ve Likya B\u00f6lgeleri arasindaki ba\u011flantiyi sa\u011flayan yollar\u0131n kesi\u015fme noktas\u0131nda bulunan Antiphellos, ayn\u0131 zamanda bir ticaret liman\u0131d\u0131r. Makedonya Kral\u0131 B\u00fcy\u00fck Iskender\u00b4in, Anadolu seferi s\u0131ras\u0131nda, Krall\u0131\u011f\u0131n egemenli\u011fi alt\u0131na girmi\u015ftir. Iskender\u00b4in gen\u00e7 yasta \u00f6l\u00fcm\u00fcnden sonra b\u00f6lge, Seleukoslar\u00b4la Ptolemaioslar aras\u0131nda el de\u011fi\u015ftirmi\u015ftir. Antik kent, Roma D\u00f6nemi\u00b4nde \u00f6nem kazanm\u0131\u015f ve Bizans D\u00f6nemi\u00b4nde Piskoposluk merkezi olmustur. Bu d\u00f6nemde Arap ak\u0131nlar\u0131na u\u011fram\u0131\u015f daha sonra Anadolu Sel\u00e7uklu topraklar\u0131na kat\u0131larak Andifli ad\u0131n\u0131 alm\u0131\u015ft\u0131r. Anadolu Sel\u00e7uklu Devleti\u00b4nin y\u0131k\u0131lmas\u0131n\u0131 takiben Tekeo\u011fullar\u0131 Beyli\u011fi y\u00f6netimi ele ge\u00e7irmi\u015f ve Osmanl\u0131 Devleti il\u00e7eyi Y\u0131ld\u0131r\u0131m Bayaz\u0131t zaman\u0131nda topraklar\u0131na katmi\u015ftir.<\/p>\n<h2>\u0130KL\u0130M<\/h2>\n<p>Akdeniz b\u00f6lgesinin iklim \u00f6zelliklerini sergileyen Ka\u015f&#8217;ta yazlar s\u0131cak ve kurak ge\u00e7er. Kis mevsimi \u0131l\u0131mand\u0131r.<\/p>\n<\/div><div class=\"fusion-sep-clear\"><\/div><div class=\"fusion-separator fusion-full-width-sep\" style=\"margin-left: auto;margin-right: auto;margin-top:15px;margin-bottom:15px;width:100%;\"><\/div><div class=\"fusion-sep-clear\"><\/div><div class=\"fusion-video fusion-youtube\" style=\"--awb-max-width:1280px;--awb-max-height:720px;\"><div class=\"video-shortcode\"><div class=\"fluid-width-video-wrapper\" style=\"padding-top:56.25%;\" ><iframe title=\"YouTube video player 1\" src=\"https:\/\/www.youtube.com\/embed\/91QtBiqK-es?wmode=transparent&autoplay=0\" width=\"1280\" height=\"720\" allowfullscreen allow=\"autoplay; fullscreen\"><\/iframe><\/div><\/div><\/div><div class=\"fusion-sep-clear\"><\/div><div class=\"fusion-separator fusion-full-width-sep\" style=\"margin-left: auto;margin-right: auto;margin-top:15px;margin-bottom:15px;width:100%;\"><\/div><div class=\"fusion-sep-clear\"><\/div><div class=\"fusion-image-element in-legacy-container\" style=\"--awb-caption-title-font-family:var(--h2_typography-font-family);--awb-caption-title-font-weight:var(--h2_typography-font-weight);--awb-caption-title-font-style:var(--h2_typography-font-style);--awb-caption-title-size:var(--h2_typography-font-size);--awb-caption-title-transform:var(--h2_typography-text-transform);--awb-caption-title-line-height:var(--h2_typography-line-height);--awb-caption-title-letter-spacing:var(--h2_typography-letter-spacing);\"><span class=\" fusion-imageframe imageframe-none imageframe-1 hover-type-none\"><img decoding=\"async\" width=\"1196\" height=\"198\" title=\"about-kas\" src=\"https:\/\/villadundar.com\/wp-content\/uploads\/2017\/05\/about-kas.png\" alt class=\"img-responsive wp-image-729\" srcset=\"https:\/\/villadundar.com\/wp-content\/uploads\/2017\/05\/about-kas-200x33.png 200w, https:\/\/villadundar.com\/wp-content\/uploads\/2017\/05\/about-kas-400x66.png 400w, https:\/\/villadundar.com\/wp-content\/uploads\/2017\/05\/about-kas-600x99.png 600w, https:\/\/villadundar.com\/wp-content\/uploads\/2017\/05\/about-kas-800x132.png 800w, https:\/\/villadundar.com\/wp-content\/uploads\/2017\/05\/about-kas.png 1196w\" sizes=\"(max-width: 800px) 100vw, 1196px\" \/><\/span><\/div><div class=\"fusion-clearfix\"><\/div><\/div><\/div><\/div><\/div>\n","protected":false},"excerpt":{"rendered":"","protected":false},"author":2,"featured_media":0,"parent":0,"menu_order":0,"comment_status":"closed","ping_status":"closed","template":"","meta":{"footnotes":""},"class_list":["post-427","page","type-page","status-publish","hentry"],"yoast_head":"<!-- This site is optimized with the Yoast SEO plugin v25.4 - https:\/\/yoast.com\/wordpress\/plugins\/seo\/ -->\n<title>Ka\u015f Hakk\u0131nda | Villa Dundar<\/title>\n<meta name=\"robots\" content=\"index, follow, max-snippet:-1, max-image-preview:large, max-video-preview:-1\" \/>\n<link rel=\"canonical\" href=\"https:\/\/villadundar.com\/about-kas\" \/>\n<meta property=\"og:locale\" content=\"tr_TR\" \/>\n<meta property=\"og:type\" content=\"article\" \/>\n<meta property=\"og:title\" content=\"Ka\u015f Hakk\u0131nda | Villa Dundar\" \/>\n<meta property=\"og:url\" content=\"https:\/\/villadundar.com\/about-kas\" \/>\n<meta property=\"og:site_name\" content=\"Villa Dundar\" \/>\n<meta property=\"article:modified_time\" content=\"2017-06-14T21:38:42+00:00\" \/>\n<meta name=\"twitter:card\" content=\"summary_large_image\" \/>\n<meta name=\"twitter:label1\" content=\"Tahmini okuma s\u00fcresi\" \/>\n\t<meta name=\"twitter:data1\" content=\"4 dakika\" \/>\n<script type=\"application\/ld+json\" class=\"yoast-schema-graph\">{\"@context\":\"https:\/\/schema.org\",\"@graph\":[{\"@type\":\"WebPage\",\"@id\":\"https:\/\/villadundar.com\/about-kas\",\"url\":\"https:\/\/villadundar.com\/about-kas\",\"name\":\"Ka\u015f Hakk\u0131nda | Villa Dundar\",\"isPartOf\":{\"@id\":\"https:\/\/villadundar.com\/#website\"},\"datePublished\":\"2017-05-27T19:42:10+00:00\",\"dateModified\":\"2017-06-14T21:38:42+00:00\",\"breadcrumb\":{\"@id\":\"https:\/\/villadundar.com\/about-kas#breadcrumb\"},\"inLanguage\":\"tr\",\"potentialAction\":[{\"@type\":\"ReadAction\",\"target\":[\"https:\/\/villadundar.com\/about-kas\"]}]},{\"@type\":\"BreadcrumbList\",\"@id\":\"https:\/\/villadundar.com\/about-kas#breadcrumb\",\"itemListElement\":[{\"@type\":\"ListItem\",\"position\":1,\"name\":\"Home\",\"item\":\"https:\/\/villadundar.com\/tr\"},{\"@type\":\"ListItem\",\"position\":2,\"name\":\"Ka\u015f Hakk\u0131nda\"}]},{\"@type\":\"WebSite\",\"@id\":\"https:\/\/villadundar.com\/#website\",\"url\":\"https:\/\/villadundar.com\/\",\"name\":\"Villa Dundar\",\"description\":\"Just another WordPress site\",\"potentialAction\":[{\"@type\":\"SearchAction\",\"target\":{\"@type\":\"EntryPoint\",\"urlTemplate\":\"https:\/\/villadundar.com\/?s={search_term_string}\"},\"query-input\":{\"@type\":\"PropertyValueSpecification\",\"valueRequired\":true,\"valueName\":\"search_term_string\"}}],\"inLanguage\":\"tr\"}]}<\/script>\n<!-- \/ Yoast SEO plugin. -->","yoast_head_json":{"title":"Ka\u015f Hakk\u0131nda | Villa Dundar","robots":{"index":"index","follow":"follow","max-snippet":"max-snippet:-1","max-image-preview":"max-image-preview:large","max-video-preview":"max-video-preview:-1"},"canonical":"https:\/\/villadundar.com\/about-kas","og_locale":"tr_TR","og_type":"article","og_title":"Ka\u015f Hakk\u0131nda | Villa Dundar","og_url":"https:\/\/villadundar.com\/about-kas","og_site_name":"Villa Dundar","article_modified_time":"2017-06-14T21:38:42+00:00","twitter_card":"summary_large_image","twitter_misc":{"Tahmini okuma s\u00fcresi":"4 dakika"},"schema":{"@context":"https:\/\/schema.org","@graph":[{"@type":"WebPage","@id":"https:\/\/villadundar.com\/about-kas","url":"https:\/\/villadundar.com\/about-kas","name":"Ka\u015f Hakk\u0131nda | Villa Dundar","isPartOf":{"@id":"https:\/\/villadundar.com\/#website"},"datePublished":"2017-05-27T19:42:10+00:00","dateModified":"2017-06-14T21:38:42+00:00","breadcrumb":{"@id":"https:\/\/villadundar.com\/about-kas#breadcrumb"},"inLanguage":"tr","potentialAction":[{"@type":"ReadAction","target":["https:\/\/villadundar.com\/about-kas"]}]},{"@type":"BreadcrumbList","@id":"https:\/\/villadundar.com\/about-kas#breadcrumb","itemListElement":[{"@type":"ListItem","position":1,"name":"Home","item":"https:\/\/villadundar.com\/tr"},{"@type":"ListItem","position":2,"name":"Ka\u015f Hakk\u0131nda"}]},{"@type":"WebSite","@id":"https:\/\/villadundar.com\/#website","url":"https:\/\/villadundar.com\/","name":"Villa Dundar","description":"Just another WordPress site","potentialAction":[{"@type":"SearchAction","target":{"@type":"EntryPoint","urlTemplate":"https:\/\/villadundar.com\/?s={search_term_string}"},"query-input":{"@type":"PropertyValueSpecification","valueRequired":true,"valueName":"search_term_string"}}],"inLanguage":"tr"}]}},"_links":{"self":[{"href":"https:\/\/villadundar.com\/tr\/wp-json\/wp\/v2\/pages\/427","targetHints":{"allow":["GET"]}}],"collection":[{"href":"https:\/\/villadundar.com\/tr\/wp-json\/wp\/v2\/pages"}],"about":[{"href":"https:\/\/villadundar.com\/tr\/wp-json\/wp\/v2\/types\/page"}],"author":[{"embeddable":true,"href":"https:\/\/villadundar.com\/tr\/wp-json\/wp\/v2\/users\/2"}],"replies":[{"embeddable":true,"href":"https:\/\/villadundar.com\/tr\/wp-json\/wp\/v2\/comments?post=427"}],"version-history":[{"count":2,"href":"https:\/\/villadundar.com\/tr\/wp-json\/wp\/v2\/pages\/427\/revisions"}],"predecessor-version":[{"id":429,"href":"https:\/\/villadundar.com\/tr\/wp-json\/wp\/v2\/pages\/427\/revisions\/429"}],"wp:attachment":[{"href":"https:\/\/villadundar.com\/tr\/wp-json\/wp\/v2\/media?parent=427"}],"curies":[{"name":"wp","href":"https:\/\/api.w.org\/{rel}","templated":true}]}}